{"id":32062,"date":"2024-10-23T10:26:35","date_gmt":"2024-10-23T08:26:35","guid":{"rendered":"https:\/\/www.logia-inc.com\/mentions-legales\/"},"modified":"2024-11-13T19:15:57","modified_gmt":"2024-11-13T18:15:57","slug":"conditions-dutilisation","status":"publish","type":"page","link":"https:\/\/logia-inc.com\/ca\/conditions-dutilisation\/","title":{"rendered":"Conditions d&rsquo;utilisation"},"content":{"rendered":"\t\t<div data-elementor-type=\"wp-page\" data-elementor-id=\"32062\" class=\"elementor elementor-32062 elementor-12920\" id=\"content\" data-elementor-post-type=\"page\">\n\t\t\t\t<div data-particle_enable=\"false\" data-particle-mobile-disabled=\"false\" class=\"elementor-element elementor-element-d6e4ca2 heroSection e-flex e-con-boxed e-con e-parent\" data-id=\"d6e4ca2\" data-element_type=\"container\" data-e-type=\"container\">\n\t\t\t\t\t<div class=\"e-con-inner\">\n\t\t<div data-particle_enable=\"false\" data-particle-mobile-disabled=\"false\" class=\"elementor-element elementor-element-ef76498 e-con-full e-flex e-con e-child\" data-id=\"ef76498\" data-element_type=\"container\" data-e-type=\"container\">\n\t\t\t\t<div class=\"elementor-element elementor-element-e2edf4b opacityAnimation elementor-widget elementor-widget-heading\" data-id=\"e2edf4b\" data-element_type=\"widget\" data-e-type=\"widget\" data-settings=\"{&quot;_animation&quot;:&quot;none&quot;,&quot;_animation_delay&quot;:100}\" data-widget_type=\"heading.default\">\n\t\t\t\t\t<p class=\"elementor-heading-title elementor-size-default\">Logia<\/p>\t\t\t\t<\/div>\n\t\t\t\t<div class=\"elementor-element elementor-element-9cd77b2 lueur lueur_phone noAnimation elementor-widget-tablet__width-inherit elementor-widget elementor-widget-heading\" data-id=\"9cd77b2\" data-element_type=\"widget\" data-e-type=\"widget\" data-color=\"#6B19D5\" data-inverse=\"0\" data-stop-percent-bottom=\"0.5\" data-stop-percent-top=\"0.685\" data-stop-percent-top-phone=\"0.68\" data-stop-percent-top-wide=\"0.835\" data-stop-percent-top-tablet=\"0.71\" data-widget_type=\"heading.default\">\n\t\t\t\t\t<h1 class=\"elementor-heading-title elementor-size-default\"><strong>Conditions d'utilisation<\/strong><\/h1>\t\t\t\t<\/div>\n\t\t<div data-particle_enable=\"false\" data-particle-mobile-disabled=\"false\" class=\"elementor-element elementor-element-e375bd7 opacityAnimation e-flex e-con-boxed e-con e-child\" data-id=\"e375bd7\" data-element_type=\"container\" data-e-type=\"container\">\n\t\t\t\t\t<div class=\"e-con-inner\">\n\t\t\t\t<div class=\"elementor-element elementor-element-2ecb88b elementor-widget elementor-widget-ucaddon_creative_buttons\" data-id=\"2ecb88b\" data-element_type=\"widget\" data-e-type=\"widget\" data-widget_type=\"ucaddon_creative_buttons.default\">\n\t\t\t\t<div class=\"elementor-widget-container\">\n\t\t\t\t\t\n<!-- start Creative Button Hovers -->\n\t\t<link id='uc_ac_assets_file_uc_creative_buttons_css_1983-css' href='https:\/\/logia-inc.com\/wp-content\/uploads\/ac_assets\/uc_creative_buttons\/uc_creative_buttons.css' type='text\/css' rel='stylesheet' >\n\n<style>\/* widget: Creative Button Hovers *\/\n\n#uc_creative_buttons_elementor_2ecb88b.uc_creative_buttons{\n  text-align: center;\n}\n#uc_creative_buttons_elementor_2ecb88b.uc_creative_buttons .uc_button,\n#uc_creative_buttons_elementor_2ecb88b.uc_creative_buttons .uc_button::after {\n\ttransition: all 0.5s;\n}\n\n#uc_creative_buttons_elementor_2ecb88b.uc_creative_buttons .uc_button {\n\n\n  display: block;\n  overflow:hidden;\n}\n\n<\/style>\n\n<div class=\"uc_creative_buttons\" id=\"uc_creative_buttons_elementor_2ecb88b\">\n  <div class=\"container\">\n    <a href=\"https:\/\/logia-inc.com\/ca\/\" class=\"uc_button button-padding uc_btn-2\" ><span>Retour \u00e0 l'accueil<\/span><\/a>\n  <\/div>\n<\/div>\n<!-- end Creative Button Hovers -->\t\t\t\t<\/div>\n\t\t\t\t<\/div>\n\t\t\t\t<div class=\"elementor-element elementor-element-dab47fa elementor-widget elementor-widget-ucaddon_creative_buttons\" data-id=\"dab47fa\" data-element_type=\"widget\" data-e-type=\"widget\" data-widget_type=\"ucaddon_creative_buttons.default\">\n\t\t\t\t<div class=\"elementor-widget-container\">\n\t\t\t\t\t\n<!-- start Creative Button Hovers -->\n\n<style>\/* widget: Creative Button Hovers *\/\n\n#uc_creative_buttons_elementor_dab47fa.uc_creative_buttons{\n  text-align: center;\n}\n#uc_creative_buttons_elementor_dab47fa.uc_creative_buttons .uc_button,\n#uc_creative_buttons_elementor_dab47fa.uc_creative_buttons .uc_button::after {\n\ttransition: all 0.5s;\n}\n\n#uc_creative_buttons_elementor_dab47fa.uc_creative_buttons .uc_button {\n\n\n  display: block;\n  overflow:hidden;\n}\n\n<\/style>\n\n<div class=\"uc_creative_buttons\" id=\"uc_creative_buttons_elementor_dab47fa\">\n  <div class=\"container\">\n    <a href=\"https:\/\/logia-inc.com\/contact\/\" class=\"uc_button button-padding uc_btn-2\" ><span>Un projet ?<\/span><\/a>\n  <\/div>\n<\/div>\n<!-- end Creative Button Hovers -->\t\t\t\t<\/div>\n\t\t\t\t<\/div>\n\t\t\t\t\t<\/div>\n\t\t\t\t<\/div>\n\t\t\t\t<\/div>\n\t\t\t\t\t<\/div>\n\t\t\t\t<\/div>\n\t\t<div data-particle_enable=\"false\" data-particle-mobile-disabled=\"false\" class=\"elementor-element elementor-element-9ad4cd5 e-flex e-con-boxed e-con e-parent\" data-id=\"9ad4cd5\" data-element_type=\"container\" data-e-type=\"container\" data-settings=\"{&quot;background_background&quot;:&quot;classic&quot;}\">\n\t\t\t\t\t<div class=\"e-con-inner\">\n\t\t<div data-particle_enable=\"false\" data-particle-mobile-disabled=\"false\" class=\"elementor-element elementor-element-063f241 e-con-full e-flex e-con e-child\" data-id=\"063f241\" data-element_type=\"container\" data-e-type=\"container\">\n\t\t\t\t<div class=\"elementor-element elementor-element-62a2bff elementor-invisible elementor-widget elementor-widget-text-editor\" data-id=\"62a2bff\" data-element_type=\"widget\" data-e-type=\"widget\" data-settings=\"{&quot;_animation&quot;:&quot;customSlideleft&quot;,&quot;_animation_delay&quot;:300}\" data-widget_type=\"text-editor.default\">\n\t\t\t\t\t\t\t\t\t<h2>1. Objet<\/h2><p>Le pr\u00e9sent site est destin\u00e9 \u00e0 fournir des informations sur <strong>Logia Canada Inc.<\/strong>, ses activit\u00e9s en cr\u00e9ation de solutions digitales, marketing digital, gestion des r\u00e9seaux sociaux, identit\u00e9 visuelle, et r\u00e9alit\u00e9 augment\u00e9e. Les informations sur le site s\u2019adressent principalement aux r\u00e9sidents canadiens.<\/p><p>\u00a0<\/p><h2>2. Propri\u00e9t\u00e9 intellectuelle<\/h2><p>Tous les contenus disponibles sur le site, y compris les textes, images, logos, graphiques, vid\u00e9os et \u00e9l\u00e9ments multim\u00e9dia, sont la propri\u00e9t\u00e9 exclusive de <strong>Logia Canada Inc.<\/strong> et sont prot\u00e9g\u00e9s par les lois sur la propri\u00e9t\u00e9 intellectuelle. Toute reproduction est interdite sans autorisation pr\u00e9alable.<\/p><p>\u00a0<\/p><h2>3. Vie priv\u00e9e et cookies<\/h2><p>Pour plus d\u2019informations sur la gestion des donn\u00e9es personnelles et l\u2019utilisation de cookies, veuillez consulter notre <a href=\"https:\/\/www.logia-inc.com\/ca\/politique-de-confidentialite\/\">Politique de confidentialit\u00e9<\/a>. L\u2019utilisation du site implique l\u2019acceptation des cookies n\u00e9cessaires au fonctionnement du site.<\/p><p>\u00a0<\/p><h2>4. Utilisation du site<\/h2><p>L\u2019Utilisateur s\u2019engage \u00e0 utiliser le site conform\u00e9ment aux lois en vigueur et \u00e0 respecter les droits de propri\u00e9t\u00e9 intellectuelle. Il est interdit de perturber ou d\u2019endommager le site.<\/p><p>\u00a0<\/p><h2>5. Modifications<\/h2><p><strong>Logia Canada Inc.<\/strong> se r\u00e9serve le droit de modifier le contenu du site et les pr\u00e9sentes CGU pour se conformer aux \u00e9volutions l\u00e9gislatives et aux besoins de l\u2019entreprise.<\/p><p>\u00a0<\/p><h2>6. Disponibilit\u00e9<\/h2><p><strong>Logia Canada Inc.<\/strong> met tout en \u0153uvre pour que le site soit accessible en tout temps, mais ne peut garantir une disponibilit\u00e9 ininterrompue.<\/p><p>\u00a0<\/p><h2>7. Responsabilit\u00e9<\/h2><p><strong>Logia Canada Inc.<\/strong> ne pourra \u00eatre tenue responsable pour les informations fournies par des sites tiers accessibles via des liens externes sur son site.<\/p><p>\u00a0<\/p><h2>8. Prise de rendez-vous et contact<\/h2><p>Les utilisateurs peuvent prendre rendez-vous en ligne via le syst\u00e8me Calendly. Les informations collect\u00e9es incluent le nom, pr\u00e9nom, courriel, t\u00e9l\u00e9phone, soci\u00e9t\u00e9, type de prestation souhait\u00e9e et message.<\/p><p>\u00a0<\/p><h2>9. Droit applicable<\/h2><p>Les pr\u00e9sentes CGU sont r\u00e9gies par les lois du Qu\u00e9bec et les lois f\u00e9d\u00e9rales applicables du Canada.<\/p><p>\u00a0<\/p><h2>10. H\u00e9bergement<\/h2><p>Le site est h\u00e9berg\u00e9 par <strong>OVH<\/strong>, situ\u00e9 au 2 rue Kellermann, 59100 Roubaix, 1007, France.<\/p>\t\t\t\t\t\t\t\t<\/div>\n\t\t\t\t<\/div>\n\t\t\t\t\t<\/div>\n\t\t\t\t<\/div>\n\t\t\t\t<\/div>\n\t\t","protected":false},"excerpt":{"rendered":"<p>Logia Conditions d&rsquo;utilisation Retour \u00e0 l&rsquo;accueil Un projet ? 1. Objet Le pr\u00e9sent site est destin\u00e9 \u00e0 fournir des informations sur Logia Canada Inc., ses activit\u00e9s en cr\u00e9ation de solutions digitales, marketing digital, gestion des r\u00e9seaux sociaux, identit\u00e9 visuelle, et r\u00e9alit\u00e9 augment\u00e9e. Les informations sur le site s\u2019adressent principalement aux r\u00e9sidents canadiens. \u00a0 2. Propri\u00e9t\u00e9 [&hellip;]<\/p>\n","protected":false},"author":2,"featured_media":0,"parent":0,"menu_order":0,"comment_status":"closed","ping_status":"closed","template":"","meta":{"_acf_changed":false,"footnotes":""},"class_list":["post-32062","page","type-page","status-publish","hentry"],"acf":[],"_links":{"self":[{"href":"https:\/\/logia-inc.com\/ca\/wp-json\/wp\/v2\/pages\/32062","targetHints":{"allow":["GET"]}}],"collection":[{"href":"https:\/\/logia-inc.com\/ca\/wp-json\/wp\/v2\/pages"}],"about":[{"href":"https:\/\/logia-inc.com\/ca\/wp-json\/wp\/v2\/types\/page"}],"author":[{"embeddable":true,"href":"https:\/\/logia-inc.com\/ca\/wp-json\/wp\/v2\/users\/2"}],"replies":[{"embeddable":true,"href":"https:\/\/logia-inc.com\/ca\/wp-json\/wp\/v2\/comments?post=32062"}],"version-history":[{"count":5,"href":"https:\/\/logia-inc.com\/ca\/wp-json\/wp\/v2\/pages\/32062\/revisions"}],"predecessor-version":[{"id":34416,"href":"https:\/\/logia-inc.com\/ca\/wp-json\/wp\/v2\/pages\/32062\/revisions\/34416"}],"wp:attachment":[{"href":"https:\/\/logia-inc.com\/ca\/wp-json\/wp\/v2\/media?parent=32062"}],"curies":[{"name":"wp","href":"https:\/\/api.w.org\/{rel}","templated":true}]}}