{"id":33683,"date":"2024-11-13T14:24:14","date_gmt":"2024-11-13T13:24:14","guid":{"rendered":"https:\/\/www.logia-inc.com\/?page_id=33683"},"modified":"2024-11-13T19:16:31","modified_gmt":"2024-11-13T18:16:31","slug":"politique-de-confidentialite","status":"publish","type":"page","link":"https:\/\/logia-inc.com\/ca\/politique-de-confidentialite\/","title":{"rendered":"Politique de confidentialit\u00e9"},"content":{"rendered":"\t\t<div data-elementor-type=\"wp-page\" data-elementor-id=\"33683\" class=\"elementor elementor-33683\" id=\"content\" data-elementor-post-type=\"page\">\n\t\t\t\t<div data-particle_enable=\"false\" data-particle-mobile-disabled=\"false\" class=\"elementor-element elementor-element-d6e4ca2 heroSection e-flex e-con-boxed e-con e-parent\" data-id=\"d6e4ca2\" data-element_type=\"container\" data-e-type=\"container\">\n\t\t\t\t\t<div class=\"e-con-inner\">\n\t\t<div data-particle_enable=\"false\" data-particle-mobile-disabled=\"false\" class=\"elementor-element elementor-element-ef76498 e-con-full e-flex e-con e-child\" data-id=\"ef76498\" data-element_type=\"container\" data-e-type=\"container\">\n\t\t\t\t<div class=\"elementor-element elementor-element-e2edf4b opacityAnimation elementor-widget elementor-widget-heading\" data-id=\"e2edf4b\" data-element_type=\"widget\" data-e-type=\"widget\" data-settings=\"{&quot;_animation&quot;:&quot;none&quot;,&quot;_animation_delay&quot;:100}\" data-widget_type=\"heading.default\">\n\t\t\t\t\t<p class=\"elementor-heading-title elementor-size-default\">Logia<\/p>\t\t\t\t<\/div>\n\t\t\t\t<div class=\"elementor-element elementor-element-9cd77b2 lueur lueur_phone noAnimation elementor-widget-tablet__width-inherit elementor-widget elementor-widget-heading\" data-id=\"9cd77b2\" data-element_type=\"widget\" data-e-type=\"widget\" data-color=\"#6B19D5\" data-inverse=\"0\" data-stop-percent-bottom=\"0.5\" data-stop-percent-top=\"0.685\" data-stop-percent-top-phone=\"0.68\" data-stop-percent-top-wide=\"0.835\" data-stop-percent-top-tablet=\"0.71\" data-widget_type=\"heading.default\">\n\t\t\t\t\t<h1 class=\"elementor-heading-title elementor-size-default\"><strong>Politique de confidentialit\u00e9<\/strong><\/h1>\t\t\t\t<\/div>\n\t\t<div data-particle_enable=\"false\" data-particle-mobile-disabled=\"false\" class=\"elementor-element elementor-element-e375bd7 opacityAnimation e-flex e-con-boxed e-con e-child\" data-id=\"e375bd7\" data-element_type=\"container\" data-e-type=\"container\">\n\t\t\t\t\t<div class=\"e-con-inner\">\n\t\t\t\t<div class=\"elementor-element elementor-element-2ecb88b elementor-widget elementor-widget-ucaddon_creative_buttons\" data-id=\"2ecb88b\" data-element_type=\"widget\" data-e-type=\"widget\" data-widget_type=\"ucaddon_creative_buttons.default\">\n\t\t\t\t<div class=\"elementor-widget-container\">\n\t\t\t\t\t\n<!-- start Creative Button Hovers -->\n\t\t<link id='uc_ac_assets_file_uc_creative_buttons_css_1983-css' href='https:\/\/logia-inc.com\/wp-content\/uploads\/ac_assets\/uc_creative_buttons\/uc_creative_buttons.css' type='text\/css' rel='stylesheet' >\n\n<style>\/* widget: Creative Button Hovers *\/\n\n#uc_creative_buttons_elementor_2ecb88b.uc_creative_buttons{\n  text-align: center;\n}\n#uc_creative_buttons_elementor_2ecb88b.uc_creative_buttons .uc_button,\n#uc_creative_buttons_elementor_2ecb88b.uc_creative_buttons .uc_button::after {\n\ttransition: all 0.5s;\n}\n\n#uc_creative_buttons_elementor_2ecb88b.uc_creative_buttons .uc_button {\n\n\n  display: block;\n  overflow:hidden;\n}\n\n<\/style>\n\n<div class=\"uc_creative_buttons\" id=\"uc_creative_buttons_elementor_2ecb88b\">\n  <div class=\"container\">\n    <a href=\"https:\/\/logia-inc.com\/ca\/\" class=\"uc_button button-padding uc_btn-2\" ><span>Retour \u00e0 l'accueil<\/span><\/a>\n  <\/div>\n<\/div>\n<!-- end Creative Button Hovers -->\t\t\t\t<\/div>\n\t\t\t\t<\/div>\n\t\t\t\t<div class=\"elementor-element elementor-element-dab47fa elementor-widget elementor-widget-ucaddon_creative_buttons\" data-id=\"dab47fa\" data-element_type=\"widget\" data-e-type=\"widget\" data-widget_type=\"ucaddon_creative_buttons.default\">\n\t\t\t\t<div class=\"elementor-widget-container\">\n\t\t\t\t\t\n<!-- start Creative Button Hovers -->\n\n<style>\/* widget: Creative Button Hovers *\/\n\n#uc_creative_buttons_elementor_dab47fa.uc_creative_buttons{\n  text-align: center;\n}\n#uc_creative_buttons_elementor_dab47fa.uc_creative_buttons .uc_button,\n#uc_creative_buttons_elementor_dab47fa.uc_creative_buttons .uc_button::after {\n\ttransition: all 0.5s;\n}\n\n#uc_creative_buttons_elementor_dab47fa.uc_creative_buttons .uc_button {\n\n\n  display: block;\n  overflow:hidden;\n}\n\n<\/style>\n\n<div class=\"uc_creative_buttons\" id=\"uc_creative_buttons_elementor_dab47fa\">\n  <div class=\"container\">\n    <a href=\"https:\/\/logia-inc.com\/contact\/\" class=\"uc_button button-padding uc_btn-2\" ><span>Un projet ?<\/span><\/a>\n  <\/div>\n<\/div>\n<!-- end Creative Button Hovers -->\t\t\t\t<\/div>\n\t\t\t\t<\/div>\n\t\t\t\t\t<\/div>\n\t\t\t\t<\/div>\n\t\t\t\t<\/div>\n\t\t\t\t\t<\/div>\n\t\t\t\t<\/div>\n\t\t<div data-particle_enable=\"false\" data-particle-mobile-disabled=\"false\" class=\"elementor-element elementor-element-9ad4cd5 e-flex e-con-boxed e-con e-parent\" data-id=\"9ad4cd5\" data-element_type=\"container\" data-e-type=\"container\" data-settings=\"{&quot;background_background&quot;:&quot;classic&quot;}\">\n\t\t\t\t\t<div class=\"e-con-inner\">\n\t\t<div data-particle_enable=\"false\" data-particle-mobile-disabled=\"false\" class=\"elementor-element elementor-element-063f241 e-con-full e-flex e-con e-child\" data-id=\"063f241\" data-element_type=\"container\" data-e-type=\"container\">\n\t\t\t\t<div class=\"elementor-element elementor-element-62a2bff elementor-invisible elementor-widget elementor-widget-text-editor\" data-id=\"62a2bff\" data-element_type=\"widget\" data-e-type=\"widget\" data-settings=\"{&quot;_animation&quot;:&quot;customSlideleft&quot;,&quot;_animation_delay&quot;:300}\" data-widget_type=\"text-editor.default\">\n\t\t\t\t\t\t\t\t\t<h2>1. Types de donn\u00e9es personnelles collect\u00e9es<\/h2><p><strong>Donn\u00e9es collect\u00e9es via le formulaire de contact :<\/strong> nom, pr\u00e9nom, courriel, t\u00e9l\u00e9phone, soci\u00e9t\u00e9, type de prestation souhait\u00e9e et message personnalis\u00e9.<br \/><strong>Donn\u00e9es collect\u00e9es pour la prise de rendez-vous :<\/strong> nom, pr\u00e9nom, courriel, t\u00e9l\u00e9phone via Calendly.<br \/><strong>Donn\u00e9es collect\u00e9es automatiquement :<\/strong> certaines informations, comme l\u2019adresse IP et les interactions avec le site, sont collect\u00e9es automatiquement via des outils d\u2019analyse web (ex : Google Analytics).<\/p><p>\u00a0<\/p><h2>2. Utilisation des donn\u00e9es<\/h2><p>Les donn\u00e9es collect\u00e9es sont utilis\u00e9es uniquement aux fins suivantes :<\/p><ul><li>Gestion des demandes de contact et des rendez-vous.<\/li><li>Envoi d\u2019offres promotionnelles et d\u2019informations via la newsletter, si applicable.<\/li><li>Analyses statistiques pour am\u00e9liorer l\u2019exp\u00e9rience utilisateur.<\/li><li>Communication d\u2019offres et actualit\u00e9s de <strong>Logia Canada Inc.<\/strong>.<\/li><\/ul><p>\u00a0<\/p><h2>3. S\u00e9curit\u00e9 des donn\u00e9es<\/h2><p>Vos donn\u00e9es sont stock\u00e9es dans un environnement s\u00e9curis\u00e9, et nous mettons en \u0153uvre des mesures comme le chiffrement SSL pour assurer leur protection.<\/p><p>\u00a0<\/p><h2>4. Vos droits<\/h2><p>Conform\u00e9ment au RGPD et \u00e0 la loi 25, vous disposez des droits suivants :<\/p><ul><li>Droit d\u2019acc\u00e8s et de rectification de vos donn\u00e9es.<\/li><li>Droit \u00e0 l\u2019effacement et \u00e0 la portabilit\u00e9 de vos donn\u00e9es.<\/li><li>Droit de vous opposer \u00e0 l\u2019utilisation de vos donn\u00e9es.<\/li><\/ul><p>Pour exercer ces droits, contactez-nous \u00e0 : <a href=\"mailto:contact@logia-inc.ca\">contact@logia-inc.ca<\/a>.<\/p><p>\u00a0<\/p><h2>5. Conservation des donn\u00e9es<\/h2><p>Les donn\u00e9es personnelles sont conserv\u00e9es pendant une dur\u00e9e de cinq ans, sauf demande de suppression sp\u00e9cifique ou obligation l\u00e9gale.<\/p><p>\u00a0<\/p><h2>6. Liens externes<\/h2><p>Notre site peut contenir des liens vers des sites tiers. Nous ne sommes pas responsables des pratiques en mati\u00e8re de confidentialit\u00e9 de ces sites.<\/p><p>\u00a0<\/p><h2>7. Mineurs<\/h2><p>Nous ne recueillons pas d\u00e9lib\u00e9r\u00e9ment les donn\u00e9es des mineurs de moins de 14 ans sans consentement parental, sauf si cela est manifestement dans l\u2019int\u00e9r\u00eat du mineur.<\/p><p>\u00a0<\/p><h2>8. Responsable de la protection des donn\u00e9es<\/h2><p>Pour toute question relative \u00e0 la gestion de vos donn\u00e9es personnelles, vous pouvez contacter notre responsable de la protection des donn\u00e9es \u00e0 <a href=\"mailto:contact@logia-inc.ca\">contact@logia-inc.ca<\/a>.<\/p><p>\u00a0<\/p><h2>9. Contact<\/h2><p>Pour toute question relative \u00e0 cette politique de confidentialit\u00e9, vous pouvez nous contacter \u00e0 l\u2019adresse : <a href=\"mailto:contact@logia-inc.ca\">contact@logia-inc.ca<\/a>.<\/p><p>\u00a0<\/p><p>Derni\u00e8re mise \u00e0 jour : <strong>13\/11\/2024<\/strong>.<\/p>\t\t\t\t\t\t\t\t<\/div>\n\t\t\t\t<\/div>\n\t\t\t\t\t<\/div>\n\t\t\t\t<\/div>\n\t\t\t\t<\/div>\n\t\t","protected":false},"excerpt":{"rendered":"<p>Logia Politique de confidentialit\u00e9 Retour \u00e0 l&rsquo;accueil Un projet ? 1. Types de donn\u00e9es personnelles collect\u00e9es Donn\u00e9es collect\u00e9es via le formulaire de contact : nom, pr\u00e9nom, courriel, t\u00e9l\u00e9phone, soci\u00e9t\u00e9, type de prestation souhait\u00e9e et message personnalis\u00e9.Donn\u00e9es collect\u00e9es pour la prise de rendez-vous : nom, pr\u00e9nom, courriel, t\u00e9l\u00e9phone via Calendly.Donn\u00e9es collect\u00e9es automatiquement : certaines informations, comme [&hellip;]<\/p>\n","protected":false},"author":4,"featured_media":0,"parent":0,"menu_order":0,"comment_status":"closed","ping_status":"closed","template":"","meta":{"_acf_changed":false,"footnotes":""},"class_list":["post-33683","page","type-page","status-publish","hentry"],"acf":[],"_links":{"self":[{"href":"https:\/\/logia-inc.com\/ca\/wp-json\/wp\/v2\/pages\/33683","targetHints":{"allow":["GET"]}}],"collection":[{"href":"https:\/\/logia-inc.com\/ca\/wp-json\/wp\/v2\/pages"}],"about":[{"href":"https:\/\/logia-inc.com\/ca\/wp-json\/wp\/v2\/types\/page"}],"author":[{"embeddable":true,"href":"https:\/\/logia-inc.com\/ca\/wp-json\/wp\/v2\/users\/4"}],"replies":[{"embeddable":true,"href":"https:\/\/logia-inc.com\/ca\/wp-json\/wp\/v2\/comments?post=33683"}],"version-history":[{"count":5,"href":"https:\/\/logia-inc.com\/ca\/wp-json\/wp\/v2\/pages\/33683\/revisions"}],"predecessor-version":[{"id":34419,"href":"https:\/\/logia-inc.com\/ca\/wp-json\/wp\/v2\/pages\/33683\/revisions\/34419"}],"wp:attachment":[{"href":"https:\/\/logia-inc.com\/ca\/wp-json\/wp\/v2\/media?parent=33683"}],"curies":[{"name":"wp","href":"https:\/\/api.w.org\/{rel}","templated":true}]}}